{"id":2,"date":"2016-05-10T03:48:21","date_gmt":"2016-05-10T03:48:21","guid":{"rendered":"http:\/\/emeaforvaltning.se\/?page_id=2"},"modified":"2020-11-08T22:07:08","modified_gmt":"2020-11-08T21:07:08","slug":"sample-page","status":"publish","type":"page","link":"https:\/\/emeaforvaltning.se\/","title":{"rendered":"EMEA F\u00f6rvaltning AB"},"content":{"rendered":"<p><strong>V\u00e4lkommen till EMEA F\u00f6rvaltning AB<\/strong><\/p>\n<p>EMEA F\u00f6rvaltning \u00e4r ett fastighetsbolag i hj\u00e4rtat av Sm\u00e5land som f\u00f6rvaltar och f\u00f6r\u00e4dlar lokaler och bost\u00e4der i Kalmar.<\/p>\n<p>Vi \u00e4r specialierade p\u00e5 att hyra ut m\u00f6blerade \u00f6vernattningsl\u00e4genheter till bland annat v\u00e5rdpersonal och konsulter och med bara 200m till l\u00e4nsjukhuset \u00e4r det ett fanstastiskt l\u00e4ge f\u00f6r personal som vill ha n\u00e4ra till sjukhuset.<\/p>\n<p>Alla v\u00e5ra l\u00e4genheter \u00e4r topprenoverade och h\u00e5ller h\u00f6gsta standard.<br \/>\nVi har l\u00e4genheter tillg\u00e4ngliga speciellt anpassade f\u00f6r uthyrning p\u00e5 kort och l\u00e5ng sikt och vi hyr idag ut till flera namnkunniga bemanningsbolag.<\/p>\n<p>Vi \u00e4r mycket flexibla med in och utcheckningar och bokningar och g\u00f6r allt f\u00f6r att boendet skall vara s\u00e5 smidigt som m\u00f6jligt f\u00f6r v\u00e5ra konsulter.<\/p>\n<p>Kontakta oss g\u00e4rna via e-post f\u00f6r att f\u00e5 tillg\u00e5ng till mer information om v\u00e5ra \u00f6vernattningsl\u00e4genheter.<\/p>\n<p>&nbsp;<\/p>\n\n<div class=\"wpcf7 no-js\" id=\"wpcf7-f300-o1\" lang=\"en-GB\" dir=\"ltr\" data-wpcf7-id=\"300\">\n<div class=\"screen-reader-response\"><p role=\"status\" aria-live=\"polite\" aria-atomic=\"true\"><\/p> <ul><\/ul><\/div>\n<form action=\"\/index.php?rest_route=%2Fwp%2Fv2%2Fpages%2F2#wpcf7-f300-o1\" method=\"post\" class=\"wpcf7-form init\" aria-label=\"Contact form\" novalidate=\"novalidate\" data-status=\"init\">\n<fieldset class=\"hidden-fields-container\"><input type=\"hidden\" name=\"_wpcf7\" value=\"300\" \/><input type=\"hidden\" name=\"_wpcf7_version\" value=\"6.1.5\" \/><input type=\"hidden\" name=\"_wpcf7_locale\" value=\"en_GB\" \/><input type=\"hidden\" name=\"_wpcf7_unit_tag\" value=\"wpcf7-f300-o1\" \/><input type=\"hidden\" name=\"_wpcf7_container_post\" value=\"0\" \/><input type=\"hidden\" name=\"_wpcf7_posted_data_hash\" value=\"\" \/><input type=\"hidden\" name=\"_wpcf7_recaptcha_response\" value=\"\" \/>\n<\/fieldset>\n<p><label> Namn (*)<br \/>\n<span class=\"wpcf7-form-control-wrap\" data-name=\"your-name\"><input size=\"40\" maxlength=\"400\" class=\"wpcf7-form-control wpcf7-text wpcf7-validates-as-required\" aria-required=\"true\" aria-invalid=\"false\" value=\"\" type=\"text\" name=\"your-name\" \/><\/span> <\/label>\n<\/p>\n<p><label> E-post (*)<br \/>\n<span class=\"wpcf7-form-control-wrap\" data-name=\"your-email\"><input size=\"40\" maxlength=\"400\" class=\"wpcf7-form-control wpcf7-email wpcf7-validates-as-required wpcf7-text wpcf7-validates-as-email\" aria-required=\"true\" aria-invalid=\"false\" value=\"\" type=\"email\" name=\"your-email\" \/><\/span> <\/label>\n<\/p>\n<p><label> \u00c4mne<br \/>\n<span class=\"wpcf7-form-control-wrap\" data-name=\"your-subject\"><input size=\"40\" maxlength=\"400\" class=\"wpcf7-form-control wpcf7-text\" aria-invalid=\"false\" value=\"\" type=\"text\" name=\"your-subject\" \/><\/span> <\/label>\n<\/p>\n<p><label> Meddelande<br \/>\n<span class=\"wpcf7-form-control-wrap\" data-name=\"your-message\"><textarea cols=\"40\" rows=\"10\" maxlength=\"2000\" class=\"wpcf7-form-control wpcf7-textarea\" aria-invalid=\"false\" name=\"your-message\"><\/textarea><\/span> <\/label>\n<\/p>\n<p><input class=\"wpcf7-form-control wpcf7-submit has-spinner\" type=\"submit\" value=\"skicka\" \/>\n<\/p><div class=\"wpcf7-response-output\" aria-hidden=\"true\"><\/div>\n<\/form>\n<\/div>\n\n","protected":false},"excerpt":{"rendered":"<p>V\u00e4lkommen till EMEA F\u00f6rvaltning AB EMEA F\u00f6rvaltning \u00e4r ett fastighetsbolag i hj\u00e4rtat av Sm\u00e5land som f\u00f6rvaltar och f\u00f6r\u00e4dlar lokaler och bost\u00e4der i Kalmar. Vi \u00e4r specialierade p\u00e5 att hyra ut m\u00f6blerade \u00f6vernattningsl\u00e4genheter till bland annat v\u00e5rdpersonal och konsulter och med bara 200m till l\u00e4nsjukhuset \u00e4r det ett fanstastiskt l\u00e4ge f\u00f6r personal som vill ha n\u00e4ra &hellip; <\/p>\n<p class=\"link-more\"><a href=\"https:\/\/emeaforvaltning.se\/\" class=\"more-link\">Continue reading<span class=\"screen-reader-text\"> &#8220;EMEA F\u00f6rvaltning AB&#8221;<\/span><\/a><\/p>\n","protected":false},"author":1,"featured_media":0,"parent":0,"menu_order":0,"comment_status":"closed","ping_status":"open","template":"","meta":{"_crdt_document":"","_exactmetrics_skip_tracking":false,"_exactmetrics_sitenote_active":false,"_exactmetrics_sitenote_note":"","_exactmetrics_sitenote_category":0,"ngg_post_thumbnail":0,"footnotes":""},"class_list":["post-2","page","type-page","status-publish","hentry"],"_links":{"self":[{"href":"https:\/\/emeaforvaltning.se\/index.php?rest_route=\/wp\/v2\/pages\/2","targetHints":{"allow":["GET"]}}],"collection":[{"href":"https:\/\/emeaforvaltning.se\/index.php?rest_route=\/wp\/v2\/pages"}],"about":[{"href":"https:\/\/emeaforvaltning.se\/index.php?rest_route=\/wp\/v2\/types\/page"}],"author":[{"embeddable":true,"href":"https:\/\/emeaforvaltning.se\/index.php?rest_route=\/wp\/v2\/users\/1"}],"replies":[{"embeddable":true,"href":"https:\/\/emeaforvaltning.se\/index.php?rest_route=%2Fwp%2Fv2%2Fcomments&post=2"}],"version-history":[{"count":15,"href":"https:\/\/emeaforvaltning.se\/index.php?rest_route=\/wp\/v2\/pages\/2\/revisions"}],"predecessor-version":[{"id":381,"href":"https:\/\/emeaforvaltning.se\/index.php?rest_route=\/wp\/v2\/pages\/2\/revisions\/381"}],"wp:attachment":[{"href":"https:\/\/emeaforvaltning.se\/index.php?rest_route=%2Fwp%2Fv2%2Fmedia&parent=2"}],"curies":[{"name":"wp","href":"https:\/\/api.w.org\/{rel}","templated":true}]}}